{"id":492,"date":"2023-04-12T15:19:46","date_gmt":"2023-04-12T13:19:46","guid":{"rendered":"https:\/\/waldspielgruppe-berneck.ch\/?page_id=492"},"modified":"2023-04-13T16:24:23","modified_gmt":"2023-04-13T14:24:23","slug":"leitbild-von-schludis-waldspielgruppe","status":"publish","type":"page","link":"https:\/\/waldspielgruppe-berneck.ch\/?page_id=492","title":{"rendered":"Leitbild von Schludi&#8217;s Waldspielgruppe"},"content":{"rendered":"\n<style type=\"text\/css\" data-created_by=\"avia_inline_auto\" id=\"style-css-av-lgdtbvy3-749be283956f2b0d37aa25c600269d90\">\n.avia-section.av-lgdtbvy3-749be283956f2b0d37aa25c600269d90{\nbackground-color:#8eb28e;\nbackground-image:unset;\n}\n<\/style>\n<div id='av_section_1'  class='avia-section av-lgdtbvy3-749be283956f2b0d37aa25c600269d90 main_color avia-section-default avia-no-border-styling  avia-builder-el-0  avia-builder-el-no-sibling  avia-bg-style-scroll container_wrap sidebar_right'  ><div class='container av-section-cont-open' ><main  role=\"main\" itemprop=\"mainContentOfPage\"  class='template-page content  av-content-small alpha units'><div class='post-entry post-entry-type-page post-entry-492'><div class='entry-content-wrapper clearfix'>\n\n<style type=\"text\/css\" data-created_by=\"avia_inline_auto\" id=\"style-css-av-lgdpprio-6ca0649ad05b2e2ccc71512f187f6ea1\">\n.flex_column.av-lgdpprio-6ca0649ad05b2e2ccc71512f187f6ea1{\nbackground-color:#8eb28e;\n}\n<\/style>\n<div class='flex_column av-lgdpprio-6ca0649ad05b2e2ccc71512f187f6ea1 av_one_full  avia-builder-el-1  avia-builder-el-no-sibling  first flex_column_div '     ><p>\n<style type=\"text\/css\" data-created_by=\"avia_inline_auto\" id=\"style-css-av-lgdp4hk2-293c2decdd1d0557cec8b41bef101862\">\n.avia-image-container.av-lgdp4hk2-293c2decdd1d0557cec8b41bef101862 img.avia_image{\nbox-shadow:none;\n}\n.avia-image-container.av-lgdp4hk2-293c2decdd1d0557cec8b41bef101862 .av-image-caption-overlay-center{\ncolor:#ffffff;\n}\n<\/style>\n<div  class='avia-image-container av-lgdp4hk2-293c2decdd1d0557cec8b41bef101862 av-styling- avia-align-center  avia-builder-el-2  el_before_av_textblock  avia-builder-el-first '   itemprop=\"image\" itemscope=\"itemscope\" itemtype=\"https:\/\/schema.org\/ImageObject\" ><div class=\"avia-image-container-inner\"><div class=\"avia-image-overlay-wrap\"><img decoding=\"async\" class='wp-image-248 avia-img-lazy-loading-not-248 avia_image ' src=\"https:\/\/waldspielgruppe-berneck.ch\/wp-content\/uploads\/2021\/04\/Schludi-300x200.jpg\" alt='' title='Schludi'  height=\"200\" width=\"300\"  itemprop=\"thumbnailUrl\" srcset=\"https:\/\/waldspielgruppe-berneck.ch\/wp-content\/uploads\/2021\/04\/Schludi-300x200.jpg 300w, https:\/\/waldspielgruppe-berneck.ch\/wp-content\/uploads\/2021\/04\/Schludi-1030x685.jpg 1030w, https:\/\/waldspielgruppe-berneck.ch\/wp-content\/uploads\/2021\/04\/Schludi-768x511.jpg 768w, https:\/\/waldspielgruppe-berneck.ch\/wp-content\/uploads\/2021\/04\/Schludi-1536x1022.jpg 1536w, https:\/\/waldspielgruppe-berneck.ch\/wp-content\/uploads\/2021\/04\/Schludi-2048x1362.jpg 2048w, https:\/\/waldspielgruppe-berneck.ch\/wp-content\/uploads\/2021\/04\/Schludi-1500x998.jpg 1500w, https:\/\/waldspielgruppe-berneck.ch\/wp-content\/uploads\/2021\/04\/Schludi-705x469.jpg 705w\" sizes=\"(max-width: 300px) 100vw, 300px\" \/><\/div><\/div><\/div><br \/>\n\n<style type=\"text\/css\" data-created_by=\"avia_inline_auto\" id=\"style-css-av-lgdp5qrp-e7986450544333694886b522c9563f71\">\n#top .av_textblock_section.av-lgdp5qrp-e7986450544333694886b522c9563f71 .avia_textblock{\ncolor:#5f6b46;\n}\n<\/style>\n<section  class='av_textblock_section av-lgdp5qrp-e7986450544333694886b522c9563f71'  itemscope=\"itemscope\" itemtype=\"https:\/\/schema.org\/CreativeWork\" ><div class='avia_textblock av_inherit_color'  itemprop=\"text\" ><h2 style=\"text-align: center;\"><span style=\"color: #000000;\">Unser Leitbild<\/span><\/h2>\n<p style=\"text-align: center;\">\n<\/div><\/section><br \/>\n<div  class='hr av-72hn8-e4a25915dd49d81e8f357d61aa037a3f hr-default  avia-builder-el-4  el_after_av_textblock  el_before_av_textblock '><span class='hr-inner '><span class=\"hr-inner-style\"><\/span><\/span><\/div><br \/>\n<section  class='av_textblock_section av-lgf7c4c0-f4d1f8a78a2c2c49df2a04c1112f3078'  itemscope=\"itemscope\" itemtype=\"https:\/\/schema.org\/CreativeWork\" ><div class='avia_textblock'  itemprop=\"text\" ><h3 style=\"text-align: center;\"><span style=\"color: #000000;\"><strong>\u201eHilf mir, es selbst zu tun\u201c<\/strong><\/span><\/h3>\n<p style=\"text-align: center;\"><span style=\"color: #000000;\">Maria Montessori<\/span><\/p>\n<\/div><\/section><br \/>\n<div  class='hr av-1na0gc-07c489f782b3a7db9f7196cf1721bf39 hr-default  avia-builder-el-6  el_after_av_textblock  el_before_av_textblock '><span class='hr-inner '><span class=\"hr-inner-style\"><\/span><\/span><\/div><br \/>\n\n<style type=\"text\/css\" data-created_by=\"avia_inline_auto\" id=\"style-css-av-lgdp6vzi-098f949486fc7c73610598eb420391b2\">\n#top .av_textblock_section.av-lgdp6vzi-098f949486fc7c73610598eb420391b2 .avia_textblock{\ncolor:#5f6b46;\n}\n<\/style>\n<section  class='av_textblock_section av-lgdp6vzi-098f949486fc7c73610598eb420391b2'  itemscope=\"itemscope\" itemtype=\"https:\/\/schema.org\/CreativeWork\" ><div class='avia_textblock av_inherit_color'  itemprop=\"text\" ><h3><span style=\"color: #000000;\"><strong>Beziehung<\/strong><\/span><\/h3>\n<p><span style=\"color: #000000;\"><strong>Spielgruppenkind<\/strong>:. Unseren Waldkindern begegnen wir stehts auf Augenh\u00f6he. Damit sie sich in der Waldspielgruppe jederzeit sicher und geborgen f\u00fchlen, ist es uns wichtig, eine liebevolle Beziehung aufzubauen. Wir leben einen liebevollen und achtsamen Umgang miteinander vor.<\/span><\/p>\n<p><span style=\"color: #000000;\">In der Gruppe k\u00f6nnen die Kinder Freundschaften schliessen, Konflikte austragen und lernen einen behutsamen Gemeinschaftssinn.<\/span><\/p>\n<p><span style=\"color: #000000;\">Wir unterst\u00fctzen und ermutigen sie, geben ihnen die daf\u00fcr ben\u00f6tigte Freiheit und so wenige Einschr\u00e4nkungen und Regeln wie n\u00f6tig.<\/span><\/p>\n<p><span style=\"color: #000000;\"><strong>Eltern:<\/strong> F\u00fcr den Austausch mit den Eltern nehmen wir uns Zeit. Auch eine gemeinsame Zusammenarbeit und L\u00f6sungsfindung zum Wohle des Kindes steht im Vordergrund.<\/span><\/p>\n<p><span style=\"color: #000000;\">Braucht ein Kind eine l\u00e4ngere Begleitung f\u00fcr die Eingew\u00f6hnung, suchen wir mit den Eltern individuelle L\u00f6sungen.<\/span><\/p>\n<\/div><\/section><br \/>\n<div  class='hr av-1c8qr8-7cb8e0a1041adbbfba5596274e3c9044 hr-default  avia-builder-el-8  el_after_av_textblock  el_before_av_textblock '><span class='hr-inner '><span class=\"hr-inner-style\"><\/span><\/span><\/div><br \/>\n\n<style type=\"text\/css\" data-created_by=\"avia_inline_auto\" id=\"style-css-av-lgdp7qy9-f7f6303b5fd8916eb68e1dfa0468a332\">\n#top .av_textblock_section.av-lgdp7qy9-f7f6303b5fd8916eb68e1dfa0468a332 .avia_textblock{\ncolor:#5f6b46;\n}\n<\/style>\n<section  class='av_textblock_section av-lgdp7qy9-f7f6303b5fd8916eb68e1dfa0468a332'  itemscope=\"itemscope\" itemtype=\"https:\/\/schema.org\/CreativeWork\" ><div class='avia_textblock av_inherit_color'  itemprop=\"text\" ><h3><span style=\"color: #000000;\"><strong>Lernen und Bewegen in der Natur<\/strong><\/span><\/h3>\n<p><span style=\"color: #000000;\">Spielen ist lernen. Kinder lernen die Welt und sich durch direkt erlebte Erfahrungen. Eine nat\u00fcrliche Umgebung regt alle Sinne an, ohne das Kind zu \u00fcberfordern. Wir bewegen uns im Wald durch die vier Jahreszeiten und beobachten, erleben und staunen. Erlebnisse in der Natur stehen an erster Stelle. Die dadurch erfahrenen nat\u00fcrlichen Zusammenh\u00e4nge und Lernprozesse bekommen eine neue Qualit\u00e4t.<\/span><\/p>\n<p><span style=\"color: #000000;\">Unser ausgew\u00e4hltes Waldst\u00fcck bietet den Kindern vielf\u00e4ltige Bewegungs-, Entdeckungs- und Spielm\u00f6glichkeiten.<\/span><\/p>\n<p><span style=\"color: #000000;\">Eine Auswahl:<\/span><\/p>\n<ul>\n<li><span style=\"color: #000000;\">den Hang hochklettern und die Waldrutschbahn hinunterrutschen<\/span><\/li>\n<li><span style=\"color: #000000;\">Schnecken, Ameisen, Eichh\u00f6rnchen und Feuersalamander beobachten<\/span><\/li>\n<li><span style=\"color: #000000;\">dem Vogelgesang zuh\u00f6ren<\/span><\/li>\n<li><span style=\"color: #000000;\">in Pf\u00fctzen springen<\/span><\/li>\n<li><span style=\"color: #000000;\">durchs Dickicht einen Weg suchen<\/span><\/li>\n<li><span style=\"color: #000000;\">Tierspuren erkunden<\/span><\/li>\n<li><span style=\"color: #000000;\">Holz sammeln und Feuer entfachen<\/span><\/li>\n<li><span style=\"color: #000000;\">Im Fr\u00fchling die erwachte Natur beobachten<\/span><\/li>\n<li><span style=\"color: #000000;\">im Sommer durch den Bach waten<\/span><\/li>\n<li><span style=\"color: #000000;\">im Herbst ins Bl\u00e4tterbett springen und Laub hochwirbeln<\/span><\/li>\n<li><span style=\"color: #000000;\">im Winter schlitteln<\/span><\/li>\n<\/ul>\n<p><span style=\"color: #000000;\">Die mit diesen T\u00e4tigkeiten verbundenen Erlebnisse f\u00f6rdern die Kinder in ihrer sozialen, motorischen, emotionalen und kognitiven Entwicklung. Es braucht dabei wenige zus\u00e4tzliche Impulse durch die Leiterinnen. Hauptziel ist das freie Spiel und Entdecken im Wald mit Waldmaterialien sowie die sozialen Kontakte der Kinder untereinander.<\/span><\/p>\n<\/div><\/section><br \/>\n<div  class='hr av-19wzbo-a4c83fe05556a074850497d7c25a3e87 hr-default  avia-builder-el-10  el_after_av_textblock  el_before_av_textblock '><span class='hr-inner '><span class=\"hr-inner-style\"><\/span><\/span><\/div><br \/>\n\n<style type=\"text\/css\" data-created_by=\"avia_inline_auto\" id=\"style-css-av-lgdp9a09-1ba5e932f47e1ad03bab520aef006332\">\n#top .av_textblock_section.av-lgdp9a09-1ba5e932f47e1ad03bab520aef006332 .avia_textblock{\ncolor:#5f6b46;\n}\n<\/style>\n<section  class='av_textblock_section av-lgdp9a09-1ba5e932f47e1ad03bab520aef006332'  itemscope=\"itemscope\" itemtype=\"https:\/\/schema.org\/CreativeWork\" ><div class='avia_textblock av_inherit_color'  itemprop=\"text\" ><h3><span style=\"color: #000000;\"><strong>Umgang mit der Natur<\/strong><\/span><\/h3>\n<p><span style=\"color: #000000;\">Wir begleiten die Kinder beim Beobachten der Tiere und Pflanzen und leben einen achtsamen Umgang mit der Natur und unserer Ressourcen vor. Dabei lassen wir die Kinder die Natur mit allen Sinnen erleben. Wir verzichten beim Werken und Spielen m\u00f6glichst auf waldfremde Materialien.<\/span><\/p>\n<p><span style=\"color: #000000;\">Uns ist wichtig nur das zu nehmen, was wir brauchen und nicht mehr.<\/span><\/p>\n<p><span style=\"color: #000000;\">Als Vorbeugung betreffend dem Fuchsbandwurm, werden keine Lebensmittel aus dem Wald gegessen.<\/span><\/p>\n<\/div><\/section><br \/>\n<div  class='hr av-138ov0-1b96ec4d2e74b5400e670943740ad29a hr-default  avia-builder-el-12  el_after_av_textblock  el_before_av_textblock '><span class='hr-inner '><span class=\"hr-inner-style\"><\/span><\/span><\/div><br \/>\n\n<style type=\"text\/css\" data-created_by=\"avia_inline_auto\" id=\"style-css-av-lgdp9xl5-32aecfa83f505deb6b4a5be6952a5fa4\">\n#top .av_textblock_section.av-lgdp9xl5-32aecfa83f505deb6b4a5be6952a5fa4 .avia_textblock{\ncolor:#5f6b46;\n}\n<\/style>\n<section  class='av_textblock_section av-lgdp9xl5-32aecfa83f505deb6b4a5be6952a5fa4'  itemscope=\"itemscope\" itemtype=\"https:\/\/schema.org\/CreativeWork\" ><div class='avia_textblock av_inherit_color'  itemprop=\"text\" ><h3><span style=\"color: #000000;\"><strong>Rituale und Regeln<\/strong><\/span><\/h3>\n<p><span style=\"color: #000000;\">Rituale und einfache Regeln geben den Kindern Sicherheit und Vertrauen.<\/span><\/p>\n<p><span style=\"color: #000000;\">Durch Rituale strukturieren wir den Tag. Dies gibt den Kindern Orientierung und Ruhe.<\/span><\/p>\n<p><span style=\"color: #000000;\">Die Regeln dienen der Sicherheit der Kinder und einem achtsamen Umgang mit der Natur. Sie werden so gestaltet, dass die Kinder sie verstehen und gut umgesetzt werden k\u00f6nnen.<\/span><\/p>\n<p><span style=\"color: #000000;\">Schludi, unsere Schnecke, hilft und begleitet uns dabei das ganze Waldjahr.<\/span><\/p>\n<p><span style=\"color: #000000;\">T\u00e4gliche Rituale:<\/span><\/p>\n<p><span style=\"color: #000000;\">Begr\u00fcssung, Zn\u00fcnilied, Verabschiedung<\/span><\/p>\n<p><span style=\"color: #000000;\">Spezielle Rituale:<\/span><\/p>\n<p><span style=\"color: #000000;\">Geburtstag und Abschied<\/span><\/p>\n<\/div><\/section><br \/>\n<div  class='hr av-z8m4s-9b92eaaa511d0f268ab26c2d82558ec2 hr-default  avia-builder-el-14  el_after_av_textblock  el_before_av_textblock '><span class='hr-inner '><span class=\"hr-inner-style\"><\/span><\/span><\/div><br \/>\n\n<style type=\"text\/css\" data-created_by=\"avia_inline_auto\" id=\"style-css-av-lgdpaoar-79be31f79a9b97c0bdc4ffa658221e91\">\n#top .av_textblock_section.av-lgdpaoar-79be31f79a9b97c0bdc4ffa658221e91 .avia_textblock{\ncolor:#5f6b46;\n}\n<\/style>\n<section  class='av_textblock_section av-lgdpaoar-79be31f79a9b97c0bdc4ffa658221e91'  itemscope=\"itemscope\" itemtype=\"https:\/\/schema.org\/CreativeWork\" ><div class='avia_textblock av_inherit_color'  itemprop=\"text\" ><h3><span style=\"color: #000000;\"><strong>Infrastruktur<\/strong><\/span><\/h3>\n<p><span style=\"color: #000000;\">Unser Waldplatz mit Feuerstelle ist ein abwechslungsreicher und idealer Platz um den Wald zu erkunden. Wir machen jeden Waldspielgruppenmorgen ein Feuer, ausser bei grosser Trockenheit und zu viel Wind.<\/span><\/p>\n<p><span style=\"color: #000000;\">Bei Bedarf bietet ein Blachendach Schutz.<\/span><\/p>\n<\/div><\/section><br \/>\n<div  class='hr av-r26lg-b25ce53fe892fa0514d0ca12cdda3150 hr-default  avia-builder-el-16  el_after_av_textblock  el_before_av_textblock '><span class='hr-inner '><span class=\"hr-inner-style\"><\/span><\/span><\/div><br \/>\n\n<style type=\"text\/css\" data-created_by=\"avia_inline_auto\" id=\"style-css-av-lgdpcq8w-2345453c3067a89bac00a064985dcefb\">\n#top .av_textblock_section.av-lgdpcq8w-2345453c3067a89bac00a064985dcefb .avia_textblock{\ncolor:#5f6b46;\n}\n<\/style>\n<section  class='av_textblock_section av-lgdpcq8w-2345453c3067a89bac00a064985dcefb'  itemscope=\"itemscope\" itemtype=\"https:\/\/schema.org\/CreativeWork\" ><div class='avia_textblock av_inherit_color'  itemprop=\"text\" ><h3><span style=\"color: #000000;\"><strong>Zn\u00fcni<\/strong><\/span><\/h3>\n<p><span style=\"color: #000000;\">Die von den Kindern mitgebrachten W\u00fcrste, Schlangenbrotteige oder Gem\u00fcse k\u00f6nnen auf dem Feuer gegrillt werden.\u00a0 Unter dem Jahr machen wir manchmal Tee, Popcorn oder im Wald hergestellten Schlangenbrotteig \u00fcber dem Feuer.<\/span><\/p>\n<p><span style=\"color: #000000;\">Eine Trinkflasche mit Wasser oder im Winter eine Thermosflasche mit Tee ist ideal gegen den Durst.<\/span><\/p>\n<\/div><\/section><br \/>\n<div  class='hr av-jbah0-bb25a1ec7ba441e667e6d4b28305e9c3 hr-default  avia-builder-el-18  el_after_av_textblock  el_before_av_textblock '><span class='hr-inner '><span class=\"hr-inner-style\"><\/span><\/span><\/div><br \/>\n\n<style type=\"text\/css\" data-created_by=\"avia_inline_auto\" id=\"style-css-av-lgdpdb6r-f8bd07c46dab53180db732da349109ae\">\n#top .av_textblock_section.av-lgdpdb6r-f8bd07c46dab53180db732da349109ae .avia_textblock{\ncolor:#5f6b46;\n}\n<\/style>\n<section  class='av_textblock_section av-lgdpdb6r-f8bd07c46dab53180db732da349109ae'  itemscope=\"itemscope\" itemtype=\"https:\/\/schema.org\/CreativeWork\" ><div class='avia_textblock av_inherit_color'  itemprop=\"text\" ><h3><span style=\"color: #000000;\"><strong>Wind und Wetter<\/strong><\/span><\/h3>\n<p><span style=\"color: #000000;\">Die Waldspielgruppe findet bei jedem Wetter statt. Bei sehr tiefen Temperaturen oder Sturm bieten wir ein alternatives Programm an oder sagen die Waldspielgruppe ab.<\/span><\/p>\n<\/div><\/section><br \/>\n<div  class='hr av-h9lp0-f695bcb08040f5cf3df68b98855fa628 hr-default  avia-builder-el-20  el_after_av_textblock  el_before_av_textblock '><span class='hr-inner '><span class=\"hr-inner-style\"><\/span><\/span><\/div><br \/>\n\n<style type=\"text\/css\" data-created_by=\"avia_inline_auto\" id=\"style-css-av-lgdpdosr-4c1637f1789f4f1ed8c5751735dd6de9\">\n#top .av_textblock_section.av-lgdpdosr-4c1637f1789f4f1ed8c5751735dd6de9 .avia_textblock{\ncolor:#5f6b46;\n}\n<\/style>\n<section  class='av_textblock_section av-lgdpdosr-4c1637f1789f4f1ed8c5751735dd6de9'  itemscope=\"itemscope\" itemtype=\"https:\/\/schema.org\/CreativeWork\" ><div class='avia_textblock av_inherit_color'  itemprop=\"text\" ><h3><span style=\"color: #000000;\"><strong>Werkmaterial<\/strong><\/span><\/h3>\n<p><span style=\"color: #000000;\">Weniger ist mehr. Das vielf\u00e4ltige und vor Ort vorhandene Waldmaterial f\u00f6rdert die Kreativit\u00e4t der Kinder. Wir erg\u00e4nzen die Naturmaterialien mit S\u00e4gen, Sackmesser, Seil, Becherlupe, B\u00fccher und Recyclingmaterial.<\/span><\/p>\n<\/div><\/section><br \/>\n<div  class='hr av-b1k3w-2c642f7cd715635ca1b7a945723956d2 hr-default  avia-builder-el-22  el_after_av_textblock  el_before_av_textblock '><span class='hr-inner '><span class=\"hr-inner-style\"><\/span><\/span><\/div><br \/>\n\n<style type=\"text\/css\" data-created_by=\"avia_inline_auto\" id=\"style-css-av-lgf7g2jl-80fb72ac116c424e16a8e1a0a98b1299\">\n#top .av_textblock_section.av-lgf7g2jl-80fb72ac116c424e16a8e1a0a98b1299 .avia_textblock{\ncolor:#5f6b46;\n}\n<\/style>\n<section  class='av_textblock_section av-lgf7g2jl-80fb72ac116c424e16a8e1a0a98b1299'  itemscope=\"itemscope\" itemtype=\"https:\/\/schema.org\/CreativeWork\" ><div class='avia_textblock av_inherit_color'  itemprop=\"text\" ><h3 style=\"text-align: center;\"><span style=\"color: #000000;\">\u201eWenn die einen finden, dass man gross ist, und andere, dass man klein ist, so ist man vielleicht gerade richtig.\u201d<\/span><\/h3>\n<p style=\"text-align: center;\"><span style=\"color: #000000;\">Astrid Lindgren<\/span><\/p>\n<\/div><\/section><\/p><\/div><\/div><\/div><\/main><!-- close content main element --><\/div><\/div><div id='after_section_1'  class='main_color av_default_container_wrap container_wrap sidebar_right'  ><div class='container av-section-cont-open' ><div class='template-page content  av-content-small alpha units'><div class='post-entry post-entry-type-page post-entry-492'><div class='entry-content-wrapper clearfix'>\n","protected":false},"excerpt":{"rendered":"","protected":false},"author":1,"featured_media":0,"parent":0,"menu_order":0,"comment_status":"closed","ping_status":"closed","template":"","meta":{"footnotes":""},"class_list":["post-492","page","type-page","status-publish","hentry"],"_links":{"self":[{"href":"https:\/\/waldspielgruppe-berneck.ch\/index.php?rest_route=\/wp\/v2\/pages\/492","targetHints":{"allow":["GET"]}}],"collection":[{"href":"https:\/\/waldspielgruppe-berneck.ch\/index.php?rest_route=\/wp\/v2\/pages"}],"about":[{"href":"https:\/\/waldspielgruppe-berneck.ch\/index.php?rest_route=\/wp\/v2\/types\/page"}],"author":[{"embeddable":true,"href":"https:\/\/waldspielgruppe-berneck.ch\/index.php?rest_route=\/wp\/v2\/users\/1"}],"replies":[{"embeddable":true,"href":"https:\/\/waldspielgruppe-berneck.ch\/index.php?rest_route=%2Fwp%2Fv2%2Fcomments&post=492"}],"version-history":[{"count":11,"href":"https:\/\/waldspielgruppe-berneck.ch\/index.php?rest_route=\/wp\/v2\/pages\/492\/revisions"}],"predecessor-version":[{"id":577,"href":"https:\/\/waldspielgruppe-berneck.ch\/index.php?rest_route=\/wp\/v2\/pages\/492\/revisions\/577"}],"wp:attachment":[{"href":"https:\/\/waldspielgruppe-berneck.ch\/index.php?rest_route=%2Fwp%2Fv2%2Fmedia&parent=492"}],"curies":[{"name":"wp","href":"https:\/\/api.w.org\/{rel}","templated":true}]}}